{"id":1391,"date":"2020-06-18T16:53:08","date_gmt":"2020-06-18T14:53:08","guid":{"rendered":"https:\/\/roncerodiseno.com\/cookies\/"},"modified":"2021-02-16T08:32:28","modified_gmt":"2021-02-16T07:32:28","slug":"cookies","status":"publish","type":"page","link":"https:\/\/roncerodiseno.com\/en\/cookies\/","title":{"rendered":"Cookies"},"content":{"rendered":"<p>Las cookies son peque\u00f1os archivos de texto que las p\u00e1ginas web pueden utilizar para hacer m\u00e1s eficiente la experiencia del Usuario.<\/p>\n<p>La Ley afirma que podemos almacenar cookies en su dispositivo si son estrictamente necesarias para el funcionamiento de esta p\u00e1gina. Para todos los dem\u00e1s tipos de cookies necesitamos su consentimiento para poder almacenar las cookies en su dispositivo. Esta p\u00e1gina utiliza diferentes tipos de cookies, algunas de las cuales son proporcionadas por servicios de terceros que aparecen en nuestras p\u00e1ginas.<\/p>\n<p>En cualquier momento usted puede cambiar o retirar su consentimiento desde la Pol\u00edtica de Cookies habilitada en nuestro sitio web.<br \/>\nPuede obtener m\u00e1s informaci\u00f3n sobre qui\u00e9nes somos, c\u00f3mo puede contactarnos y c\u00f3mo procesamos los datos personales en nuestra Pol\u00edtica de Privacidad.<\/p>\n","protected":false},"excerpt":{"rendered":"<p>Las cookies son peque\u00f1os archivos de texto que las p\u00e1ginas web pueden utilizar para hacer m\u00e1s eficiente la experiencia del Usuario. La Ley afirma que podemos almacenar cookies en su dispositivo si son estrictamente necesarias para el funcionamiento de esta p\u00e1gina. Para todos los dem\u00e1s tipos de cookies necesitamos su consentimiento para poder almacenar las &hellip; <\/p>\n<p class=\"link-more\"><a href=\"https:\/\/roncerodiseno.com\/en\/cookies\/\" class=\"more-link\">Continue reading<span class=\"screen-reader-text\"> &#8220;Cookies&#8221;<\/span><\/a><\/p>\n","protected":false},"author":1,"featured_media":0,"parent":0,"menu_order":0,"comment_status":"closed","ping_status":"closed","template":"page-legal-text.php","meta":[],"yoast_head":"<!-- This site is optimized with the Yoast SEO plugin v15.3 - https:\/\/yoast.com\/wordpress\/plugins\/seo\/ -->\n<title>Cookies | Roncero Dise\u00f1o<\/title>\n<meta name=\"description\" content=\"Cookies y otros espacios creados por Roncero Dise\u00f1o\" \/>\n<meta name=\"robots\" content=\"index, follow, max-snippet:-1, max-image-preview:large, max-video-preview:-1\" \/>\n<link rel=\"canonical\" href=\"https:\/\/roncerodiseno.com\/en\/cookies\/\" \/>\n<meta property=\"og:locale\" content=\"en_US\" \/>\n<meta property=\"og:type\" content=\"article\" \/>\n<meta property=\"og:title\" content=\"Cookies | Roncero Dise\u00f1o\" \/>\n<meta property=\"og:description\" content=\"Cookies y otros espacios creados por Roncero Dise\u00f1o\" \/>\n<meta property=\"og:url\" content=\"https:\/\/roncerodiseno.com\/en\/cookies\/\" \/>\n<meta property=\"og:site_name\" content=\"Roncero Dise\u00f1o\" \/>\n<meta property=\"article:modified_time\" content=\"2021-02-16T07:32:28+00:00\" \/>\n<meta name=\"twitter:card\" content=\"summary_large_image\" \/>\n<meta name=\"twitter:label1\" content=\"Written by\">\n\t<meta name=\"twitter:data1\" content=\"admin_roncero\">\n\t<meta name=\"twitter:label2\" content=\"Est. reading time\">\n\t<meta name=\"twitter:data2\" content=\"1 minute\">\n<script type=\"application\/ld+json\" class=\"yoast-schema-graph\">{\"@context\":\"https:\/\/schema.org\",\"@graph\":[{\"@type\":\"Organization\",\"@id\":\"https:\/\/roncerodiseno.com\/#organization\",\"name\":\"Roncero Dise\\u00f1o\",\"url\":\"https:\/\/roncerodiseno.com\/\",\"sameAs\":[],\"logo\":{\"@type\":\"ImageObject\",\"@id\":\"https:\/\/roncerodiseno.com\/#logo\",\"inLanguage\":\"en-US\",\"url\":\"https:\/\/roncerodiseno.com\/src\/uploads\/2020\/08\/logo-footer.png\",\"width\":301,\"height\":166,\"caption\":\"Roncero Dise\\u00f1o\"},\"image\":{\"@id\":\"https:\/\/roncerodiseno.com\/#logo\"}},{\"@type\":\"WebSite\",\"@id\":\"https:\/\/roncerodiseno.com\/#website\",\"url\":\"https:\/\/roncerodiseno.com\/\",\"name\":\"Roncero Dise\\u00f1o\",\"description\":\"Roncero Dise\\u00f1o\",\"publisher\":{\"@id\":\"https:\/\/roncerodiseno.com\/#organization\"},\"potentialAction\":[{\"@type\":\"SearchAction\",\"target\":\"https:\/\/roncerodiseno.com\/?s={search_term_string}\",\"query-input\":\"required name=search_term_string\"}],\"inLanguage\":\"en-US\"},{\"@type\":\"WebPage\",\"@id\":\"https:\/\/roncerodiseno.com\/en\/cookies\/#webpage\",\"url\":\"https:\/\/roncerodiseno.com\/en\/cookies\/\",\"name\":\"Cookies | Roncero Dise\\u00f1o\",\"isPartOf\":{\"@id\":\"https:\/\/roncerodiseno.com\/#website\"},\"datePublished\":\"2020-06-18T14:53:08+00:00\",\"dateModified\":\"2021-02-16T07:32:28+00:00\",\"description\":\"Cookies y otros espacios creados por Roncero Dise\\u00f1o\",\"inLanguage\":\"en-US\",\"potentialAction\":[{\"@type\":\"ReadAction\",\"target\":[\"https:\/\/roncerodiseno.com\/en\/cookies\/\"]}]}]}<\/script>\n<!-- \/ Yoast SEO plugin. -->","_links":{"self":[{"href":"https:\/\/roncerodiseno.com\/en\/wp-json\/wp\/v2\/pages\/1391"}],"collection":[{"href":"https:\/\/roncerodiseno.com\/en\/wp-json\/wp\/v2\/pages"}],"about":[{"href":"https:\/\/roncerodiseno.com\/en\/wp-json\/wp\/v2\/types\/page"}],"author":[{"embeddable":true,"href":"https:\/\/roncerodiseno.com\/en\/wp-json\/wp\/v2\/users\/1"}],"replies":[{"embeddable":true,"href":"https:\/\/roncerodiseno.com\/en\/wp-json\/wp\/v2\/comments?post=1391"}],"version-history":[{"count":3,"href":"https:\/\/roncerodiseno.com\/en\/wp-json\/wp\/v2\/pages\/1391\/revisions"}],"predecessor-version":[{"id":1508,"href":"https:\/\/roncerodiseno.com\/en\/wp-json\/wp\/v2\/pages\/1391\/revisions\/1508"}],"wp:attachment":[{"href":"https:\/\/roncerodiseno.com\/en\/wp-json\/wp\/v2\/media?parent=1391"}],"curies":[{"name":"wp","href":"https:\/\/api.w.org\/{rel}","templated":true}]}}